{"id":170,"date":"2022-10-18T08:02:39","date_gmt":"2022-10-18T08:02:39","guid":{"rendered":"https:\/\/shunzhimachinery.com\/?page_id=170"},"modified":"2026-04-29T11:17:01","modified_gmt":"2026-04-29T03:17:01","slug":"contact","status":"publish","type":"page","link":"https:\/\/shunzhimachinery.com\/es\/contact\/","title":{"rendered":"P\u00f3ngase en contacto con"},"content":{"rendered":"<div class=\"gb-container gb-container-89d7b4a0 full-banner-fix\"><div class=\"gb-inside-container\">\n\n<figure class=\"wp-block-image alignfull size-full\"><img decoding=\"async\" width=\"1920\" height=\"600\" src=\"https:\/\/shunzhimachinery.com\/wp-content\/uploads\/2026\/03\/contact-banner-title.jpg\" alt=\"\" class=\"wp-image-2967\" srcset=\"https:\/\/shunzhimachinery.com\/wp-content\/uploads\/2026\/03\/contact-banner-title.jpg 1920w, https:\/\/shunzhimachinery.com\/wp-content\/uploads\/2026\/03\/contact-banner-title-300x94.jpg 300w, https:\/\/shunzhimachinery.com\/wp-content\/uploads\/2026\/03\/contact-banner-title-1024x320.jpg 1024w, https:\/\/shunzhimachinery.com\/wp-content\/uploads\/2026\/03\/contact-banner-title-768x240.jpg 768w, https:\/\/shunzhimachinery.com\/wp-content\/uploads\/2026\/03\/contact-banner-title-1536x480.jpg 1536w, https:\/\/shunzhimachinery.com\/wp-content\/uploads\/2026\/03\/contact-banner-title-18x6.jpg 18w\" sizes=\"(max-width: 1920px) 100vw, 1920px\" \/><\/figure>\n\n<\/div><\/div>\n\n<div class=\"gb-container gb-container-33488110\"><div class=\"gb-inside-container\">\n\n<h3 class=\"gb-headline gb-headline-1d0de24c\"><span class=\"gb-icon\"><svg xmlns=\"http:\/\/www.w3.org\/2000\/svg\" viewbox=\"0 0 60 4.688\"><path d=\"M57.656 0H2.344a2.343 2.343 0 100 4.688h55.312a2.344 2.344 0 000-4.688z\"><\/path><\/svg><\/span><span class=\"gb-headline-text\">NOS GUSTAR\u00cdA SABER DE USTED<\/span><\/h3>\n\n\n<div class=\"gb-grid-wrapper gb-grid-wrapper-b4ca32bb\">\n<div class=\"gb-grid-column gb-grid-column-9b3d2b5c\"><div class=\"gb-container gb-container-9b3d2b5c\"><div class=\"gb-inside-container\">\n\n<p class=\"gb-headline gb-headline-541fd6d2 gb-headline-text\">Fundada en 1993, Shunzhi Machinery es un fabricante l\u00edder de equipos de miner\u00eda en China. <\/p>\n\n\n\n<p class=\"gb-headline gb-headline-47418d79 gb-headline-text\">Con experiencia en la fabricaci\u00f3n de trituradoras de mand\u00edbula, trituradoras de impacto, trituradoras de cono, plantas m\u00f3viles de trituraci\u00f3n, plantas de fabricaci\u00f3n de arena, l\u00edneas de producci\u00f3n de agregados de piedra, plantas de producci\u00f3n de trituraci\u00f3n de residuos de la construcci\u00f3n, etc., Shunzhi ha exportado m\u00e1quinas de trituraci\u00f3n y cribado a m\u00e1s de 100 pa\u00edses y regiones.<\/p>\n\n\n\n<p class=\"gb-headline gb-headline-d8004d1f gb-headline-text\">Con unos precios inmejorables, una calidad inigualable y un servicio considerado, Shunzhi es un fabricante fiable con el que cooperar.<\/p>\n\n\n<div class=\"gb-grid-wrapper gb-grid-wrapper-aeb6e349\">\n<div class=\"gb-grid-column gb-grid-column-04eaf9e4\"><div class=\"gb-container gb-container-04eaf9e4\"><div class=\"gb-inside-container\">\n\n<p class=\"gb-headline gb-headline-e97f436b\"><span class=\"gb-icon\"><svg xmlns=\"http:\/\/www.w3.org\/2000\/svg\" viewbox=\"0 0 496 512\" width=\"1em\" height=\"1em\" aria-hidden=\"true\"><path d=\"M248 8C111 8 0 119 0 256s111 248 248 248 248-111 248-248S385 8 248 8zm0 96c48.6 0 88 39.4 88 88s-39.4 88-88 88-88-39.4-88-88 39.4-88 88-88zm0 344c-58.7 0-111.3-26.6-146.5-68.2 18.8-35.4 55.6-59.8 98.5-59.8 2.4 0 4.8.4 7.1 1.1 13 4.2 26.6 6.9 40.9 6.9 14.3 0 28-2.7 40.9-6.9 2.3-.7 4.7-1.1 7.1-1.1 42.9 0 79.7 24.4 98.5 59.8C359.3 421.4 306.7 448 248 448z\" fill=\"currentColor\"><\/path><\/svg><\/span><span class=\"gb-headline-text\">P\u00f3ngase en contacto con<\/span><\/p>\n\n\n\n<h6 class=\"gb-headline gb-headline-c9013cc3 gb-headline-text\"><a href=\"mailto:inquiry@shunzhimachinery.com\">inquiry@shunzhimachinery.com<\/a><\/h6>\n\n<\/div><\/div><\/div>\n\n<div class=\"gb-grid-column gb-grid-column-91af480d\"><div class=\"gb-container gb-container-91af480d\"><div class=\"gb-inside-container\">\n\n<p class=\"gb-headline gb-headline-ad8ee6aa\"><span class=\"gb-icon\"><svg xmlns=\"http:\/\/www.w3.org\/2000\/svg\" viewbox=\"0 0 384 512\" width=\"1em\" height=\"1em\" aria-hidden=\"true\"><path d=\"M172.268 501.67C26.97 291.031 0 269.413 0 192 0 85.961 85.961 0 192 0s192 85.961 192 192c0 77.413-26.97 99.031-172.268 309.67-9.535 13.774-29.93 13.773-39.464 0zM192 272c44.183 0 80-35.817 80-80s-35.817-80-80-80-80 35.817-80 80 35.817 80 80 80z\" fill=\"currentColor\"><\/path><\/svg><\/span><span class=\"gb-headline-text\">Ubicaci\u00f3n<\/span><\/p>\n\n\n\n<p>Ciudad de Gongyi, ciudad de Zhengzhou, provincia de Henan, China<\/p>\n\n<\/div><\/div><\/div>\n<\/div>\n<\/div><\/div><\/div>\n\n<div class=\"gb-grid-column gb-grid-column-186442a7\"><div class=\"gb-container gb-container-186442a7\"><div class=\"gb-inside-container\">\n<div class=\"wp-block-image\">\n<figure class=\"aligncenter size-full\"><img decoding=\"async\" width=\"708\" height=\"585\" src=\"https:\/\/shunzhimachinery.com\/wp-content\/uploads\/2026\/03\/about-company01.png\" alt=\"\" class=\"wp-image-2970\" srcset=\"https:\/\/shunzhimachinery.com\/wp-content\/uploads\/2026\/03\/about-company01.png 708w, https:\/\/shunzhimachinery.com\/wp-content\/uploads\/2026\/03\/about-company01-300x248.png 300w, https:\/\/shunzhimachinery.com\/wp-content\/uploads\/2026\/03\/about-company01-15x12.png 15w\" sizes=\"(max-width: 708px) 100vw, 708px\" \/><\/figure>\n<\/div>\n<\/div><\/div><\/div>\n<\/div>\n\n\n<h4 class=\"gb-headline gb-headline-0a8efbd6 gb-headline-text\">P\u00f3ngase en contacto con nosotros<\/h4>\n\n\n<div class=\"gb-container gb-container-a9084592\"><div class=\"gb-inside-container\">\n\n<div class=\"wp-block-contact-form-7-contact-form-selector\">\n<div class=\"wpcf7 no-js\" id=\"wpcf7-f607-o1\" lang=\"en-US\" dir=\"ltr\" data-wpcf7-id=\"607\">\n<div class=\"screen-reader-response\"><p role=\"status\" aria-live=\"polite\" aria-atomic=\"true\"><\/p> <ul><\/ul><\/div>\n<form action=\"\/es\/wp-json\/wp\/v2\/pages\/170#wpcf7-f607-o1\" method=\"post\" class=\"wpcf7-form init\" aria-label=\"Formulario de contacto\" novalidate=\"novalidate\" data-status=\"init\" data-trp-original-action=\"\/es\/wp-json\/wp\/v2\/pages\/170#wpcf7-f607-o1\">\n<fieldset class=\"hidden-fields-container\"><input type=\"hidden\" name=\"_wpcf7\" value=\"607\" \/><input type=\"hidden\" name=\"_wpcf7_version\" value=\"6.1.5\" \/><input type=\"hidden\" name=\"_wpcf7_locale\" value=\"en_US\" \/><input type=\"hidden\" name=\"_wpcf7_unit_tag\" value=\"wpcf7-f607-o1\" \/><input type=\"hidden\" name=\"_wpcf7_container_post\" value=\"0\" \/><input type=\"hidden\" name=\"_wpcf7_posted_data_hash\" value=\"\" \/>\n<\/fieldset>\n<p><label><span class=\"wpcf7-form-control-wrap\" data-name=\"your-name\"><input size=\"40\" maxlength=\"400\" class=\"wpcf7-form-control wpcf7-text wpcf7-validates-as-required\" aria-required=\"true\" aria-invalid=\"false\" placeholder=\"Nombre\" value=\"\" type=\"text\" name=\"your-name\" \/><\/span><\/label>\n<\/p>\n<p><label><span class=\"wpcf7-form-control-wrap\" data-name=\"your-email\"><input size=\"40\" maxlength=\"400\" class=\"wpcf7-form-control wpcf7-email wpcf7-validates-as-required wpcf7-text wpcf7-validates-as-email\" aria-required=\"true\" aria-invalid=\"false\" placeholder=\"Correo electr\u00f3nico\" value=\"\" type=\"email\" name=\"your-email\" \/><\/span><\/label>\n<\/p>\n<p><label><span class=\"wpcf7-form-control-wrap\" data-name=\"your-tel\"><input size=\"40\" maxlength=\"400\" class=\"wpcf7-form-control wpcf7-tel wpcf7-validates-as-required wpcf7-text wpcf7-validates-as-tel\" aria-required=\"true\" aria-invalid=\"false\" placeholder=\"Tel\u00e9fono\" value=\"\" type=\"tel\" name=\"your-tel\" \/><\/span><\/label>\n<\/p>\n<p><label><span class=\"wpcf7-form-control-wrap\" data-name=\"your-message\"><textarea cols=\"40\" rows=\"10\" maxlength=\"2000\" class=\"wpcf7-form-control wpcf7-textarea wpcf7-validates-as-required\" aria-required=\"true\" aria-invalid=\"false\" placeholder=\"Message*: 1. What&#039;s your raw material? 2. Your capacity (t\/h)?3. Your input size?4. Your discharge size? (required)\" name=\"your-message\"><\/textarea><\/span> <\/label>\n<\/p>\n<p><input class=\"wpcf7-form-control wpcf7-submit has-spinner\" type=\"submit\" value=\"Enviar\" \/>\n<\/p><input type=\"hidden\" id=\"ct_checkjs_cf7_8f14e45fceea167a5a36dedd4bea2543\" name=\"ct_checkjs_cf7\" value=\"0\" \/><script >setTimeout(function(){var ct_input_name = \"ct_checkjs_cf7_8f14e45fceea167a5a36dedd4bea2543\";if (document.getElementById(ct_input_name) !== null) {var ct_input_value = document.getElementById(ct_input_name).value;document.getElementById(ct_input_name).value = document.getElementById(ct_input_name).value.replace(ct_input_value, '5ad1291fb14a48241b3b31bf7e11c2e9ae0a7ed6fda655704c8034565ad4978a');}}, 1000);<\/script><p style=\"display: none !important;\" class=\"akismet-fields-container\" data-prefix=\"_wpcf7_ak_\"><label>&#916;<textarea name=\"_wpcf7_ak_hp_textarea\" cols=\"45\" rows=\"8\" maxlength=\"100\"><\/textarea><\/label><input type=\"hidden\" id=\"ak_js_1\" name=\"_wpcf7_ak_js\" value=\"108\"\/><script>\ndocument.getElementById( \"ak_js_1\" ).setAttribute( \"value\", ( new Date() ).getTime() );\n<\/script>\n<\/p><input type='hidden' class='wpcf7-pum' value='{\"closepopup\":false,\"closedelay\":0,\"openpopup\":false,\"openpopup_id\":0}' \/><div class=\"wpcf7-response-output\" aria-hidden=\"true\"><\/div>\n<input type=\"hidden\" name=\"trp-form-language\" value=\"es\"\/><\/form>\n<\/div>\n<\/div>\n\n<\/div><\/div>\n<\/div><\/div>","protected":false},"excerpt":{"rendered":"<p>WE WOULD LIKE TO HEAR FROM YOU Contact Us Now!<\/p>","protected":false},"author":1,"featured_media":0,"parent":0,"menu_order":0,"comment_status":"closed","ping_status":"closed","template":"","meta":{"footnotes":""},"class_list":["post-170","page","type-page","status-publish"],"yoast_head":"<!-- This site is optimized with the Yoast SEO plugin v27.5 - https:\/\/yoast.com\/product\/yoast-seo-wordpress\/ -->\n<title>Contact - shunzhimachinery.com<\/title>\n<meta name=\"robots\" content=\"index, follow, max-snippet:-1, max-image-preview:large, max-video-preview:-1\" \/>\n<link rel=\"canonical\" href=\"https:\/\/shunzhimachinery.com\/es\/contact\/\" \/>\n<meta property=\"og:locale\" content=\"es_ES\" \/>\n<meta property=\"og:type\" content=\"article\" \/>\n<meta property=\"og:title\" content=\"Contact - shunzhimachinery.com\" \/>\n<meta property=\"og:description\" content=\"WE WOULD LIKE TO HEAR FROM YOU Contact Us Now!\" \/>\n<meta property=\"og:url\" content=\"https:\/\/shunzhimachinery.com\/es\/contact\/\" \/>\n<meta property=\"og:site_name\" content=\"shunzhimachinery.com\" \/>\n<meta property=\"article:modified_time\" content=\"2026-04-29T03:17:01+00:00\" \/>\n<meta property=\"og:image\" content=\"https:\/\/shunzhimachinery.com\/wp-content\/uploads\/2026\/03\/contact-banner-title.jpg\" \/>\n\t<meta property=\"og:image:width\" content=\"1920\" \/>\n\t<meta property=\"og:image:height\" content=\"600\" \/>\n\t<meta property=\"og:image:type\" content=\"image\/jpeg\" \/>\n<meta name=\"twitter:card\" content=\"summary_large_image\" \/>\n<meta name=\"twitter:label1\" content=\"Tiempo de lectura\" \/>\n\t<meta name=\"twitter:data1\" content=\"1 minuto\" \/>\n<script type=\"application\/ld+json\" class=\"yoast-schema-graph\">{\"@context\":\"https:\\\/\\\/schema.org\",\"@graph\":[{\"@type\":\"WebPage\",\"@id\":\"https:\\\/\\\/shunzhimachinery.com\\\/contact\\\/\",\"url\":\"https:\\\/\\\/shunzhimachinery.com\\\/contact\\\/\",\"name\":\"Contact - shunzhimachinery.com\",\"isPartOf\":{\"@id\":\"https:\\\/\\\/shunzhimachinery.com\\\/#website\"},\"primaryImageOfPage\":{\"@id\":\"https:\\\/\\\/shunzhimachinery.com\\\/contact\\\/#primaryimage\"},\"image\":{\"@id\":\"https:\\\/\\\/shunzhimachinery.com\\\/contact\\\/#primaryimage\"},\"thumbnailUrl\":\"https:\\\/\\\/shunzhimachinery.com\\\/wp-content\\\/uploads\\\/2026\\\/03\\\/contact-banner-title.jpg\",\"datePublished\":\"2022-10-18T08:02:39+00:00\",\"dateModified\":\"2026-04-29T03:17:01+00:00\",\"breadcrumb\":{\"@id\":\"https:\\\/\\\/shunzhimachinery.com\\\/contact\\\/#breadcrumb\"},\"inLanguage\":\"es\",\"potentialAction\":[{\"@type\":\"ReadAction\",\"target\":[\"https:\\\/\\\/shunzhimachinery.com\\\/contact\\\/\"]}]},{\"@type\":\"ImageObject\",\"inLanguage\":\"es\",\"@id\":\"https:\\\/\\\/shunzhimachinery.com\\\/contact\\\/#primaryimage\",\"url\":\"https:\\\/\\\/shunzhimachinery.com\\\/wp-content\\\/uploads\\\/2026\\\/03\\\/contact-banner-title.jpg\",\"contentUrl\":\"https:\\\/\\\/shunzhimachinery.com\\\/wp-content\\\/uploads\\\/2026\\\/03\\\/contact-banner-title.jpg\"},{\"@type\":\"BreadcrumbList\",\"@id\":\"https:\\\/\\\/shunzhimachinery.com\\\/contact\\\/#breadcrumb\",\"itemListElement\":[{\"@type\":\"ListItem\",\"position\":1,\"name\":\"Home\",\"item\":\"https:\\\/\\\/shunzhimachinery.com\\\/\"},{\"@type\":\"ListItem\",\"position\":2,\"name\":\"Contact\"}]},{\"@type\":\"WebSite\",\"@id\":\"https:\\\/\\\/shunzhimachinery.com\\\/#website\",\"url\":\"https:\\\/\\\/shunzhimachinery.com\\\/\",\"name\":\"shunzhimachinery.com\",\"description\":\"Mine and Sand Making Equipment Expert\",\"publisher\":{\"@id\":\"https:\\\/\\\/shunzhimachinery.com\\\/#organization\"},\"potentialAction\":[{\"@type\":\"SearchAction\",\"target\":{\"@type\":\"EntryPoint\",\"urlTemplate\":\"https:\\\/\\\/shunzhimachinery.com\\\/?s={search_term_string}\"},\"query-input\":{\"@type\":\"PropertyValueSpecification\",\"valueRequired\":true,\"valueName\":\"search_term_string\"}}],\"inLanguage\":\"es\"},{\"@type\":\"Organization\",\"@id\":\"https:\\\/\\\/shunzhimachinery.com\\\/#organization\",\"name\":\"shunzhimachinery.com\",\"url\":\"https:\\\/\\\/shunzhimachinery.com\\\/\",\"logo\":{\"@type\":\"ImageObject\",\"inLanguage\":\"es\",\"@id\":\"https:\\\/\\\/shunzhimachinery.com\\\/#\\\/schema\\\/logo\\\/image\\\/\",\"url\":\"https:\\\/\\\/shunzhimachinery.com\\\/wp-content\\\/uploads\\\/2026\\\/03\\\/shunzhilogo-greenwhite.png\",\"contentUrl\":\"https:\\\/\\\/shunzhimachinery.com\\\/wp-content\\\/uploads\\\/2026\\\/03\\\/shunzhilogo-greenwhite.png\",\"width\":324,\"height\":142,\"caption\":\"shunzhimachinery.com\"},\"image\":{\"@id\":\"https:\\\/\\\/shunzhimachinery.com\\\/#\\\/schema\\\/logo\\\/image\\\/\"}}]}<\/script>\n<!-- \/ Yoast SEO plugin. -->","yoast_head_json":{"title":"Contact - shunzhimachinery.com","robots":{"index":"index","follow":"follow","max-snippet":"max-snippet:-1","max-image-preview":"max-image-preview:large","max-video-preview":"max-video-preview:-1"},"canonical":"https:\/\/shunzhimachinery.com\/es\/contact\/","og_locale":"es_ES","og_type":"article","og_title":"Contact - shunzhimachinery.com","og_description":"WE WOULD LIKE TO HEAR FROM YOU Contact Us Now!","og_url":"https:\/\/shunzhimachinery.com\/es\/contact\/","og_site_name":"shunzhimachinery.com","article_modified_time":"2026-04-29T03:17:01+00:00","og_image":[{"width":1920,"height":600,"url":"https:\/\/shunzhimachinery.com\/wp-content\/uploads\/2026\/03\/contact-banner-title.jpg","type":"image\/jpeg"}],"twitter_card":"summary_large_image","twitter_misc":{"Tiempo de lectura":"1 minuto"},"schema":{"@context":"https:\/\/schema.org","@graph":[{"@type":"WebPage","@id":"https:\/\/shunzhimachinery.com\/contact\/","url":"https:\/\/shunzhimachinery.com\/contact\/","name":"Contact - shunzhimachinery.com","isPartOf":{"@id":"https:\/\/shunzhimachinery.com\/#website"},"primaryImageOfPage":{"@id":"https:\/\/shunzhimachinery.com\/contact\/#primaryimage"},"image":{"@id":"https:\/\/shunzhimachinery.com\/contact\/#primaryimage"},"thumbnailUrl":"https:\/\/shunzhimachinery.com\/wp-content\/uploads\/2026\/03\/contact-banner-title.jpg","datePublished":"2022-10-18T08:02:39+00:00","dateModified":"2026-04-29T03:17:01+00:00","breadcrumb":{"@id":"https:\/\/shunzhimachinery.com\/contact\/#breadcrumb"},"inLanguage":"es","potentialAction":[{"@type":"ReadAction","target":["https:\/\/shunzhimachinery.com\/contact\/"]}]},{"@type":"ImageObject","inLanguage":"es","@id":"https:\/\/shunzhimachinery.com\/contact\/#primaryimage","url":"https:\/\/shunzhimachinery.com\/wp-content\/uploads\/2026\/03\/contact-banner-title.jpg","contentUrl":"https:\/\/shunzhimachinery.com\/wp-content\/uploads\/2026\/03\/contact-banner-title.jpg"},{"@type":"BreadcrumbList","@id":"https:\/\/shunzhimachinery.com\/contact\/#breadcrumb","itemListElement":[{"@type":"ListItem","position":1,"name":"Home","item":"https:\/\/shunzhimachinery.com\/"},{"@type":"ListItem","position":2,"name":"Contact"}]},{"@type":"WebSite","@id":"https:\/\/shunzhimachinery.com\/#website","url":"https:\/\/shunzhimachinery.com\/","name":"shunzhimachinery.com","description":"Experto en miner\u00eda y fabricaci\u00f3n de arena","publisher":{"@id":"https:\/\/shunzhimachinery.com\/#organization"},"potentialAction":[{"@type":"SearchAction","target":{"@type":"EntryPoint","urlTemplate":"https:\/\/shunzhimachinery.com\/?s={search_term_string}"},"query-input":{"@type":"PropertyValueSpecification","valueRequired":true,"valueName":"search_term_string"}}],"inLanguage":"es"},{"@type":"Organization","@id":"https:\/\/shunzhimachinery.com\/#organization","name":"shunzhimachinery.com","url":"https:\/\/shunzhimachinery.com\/","logo":{"@type":"ImageObject","inLanguage":"es","@id":"https:\/\/shunzhimachinery.com\/#\/schema\/logo\/image\/","url":"https:\/\/shunzhimachinery.com\/wp-content\/uploads\/2026\/03\/shunzhilogo-greenwhite.png","contentUrl":"https:\/\/shunzhimachinery.com\/wp-content\/uploads\/2026\/03\/shunzhilogo-greenwhite.png","width":324,"height":142,"caption":"shunzhimachinery.com"},"image":{"@id":"https:\/\/shunzhimachinery.com\/#\/schema\/logo\/image\/"}}]}},"_links":{"self":[{"href":"https:\/\/shunzhimachinery.com\/es\/wp-json\/wp\/v2\/pages\/170","targetHints":{"allow":["GET"]}}],"collection":[{"href":"https:\/\/shunzhimachinery.com\/es\/wp-json\/wp\/v2\/pages"}],"about":[{"href":"https:\/\/shunzhimachinery.com\/es\/wp-json\/wp\/v2\/types\/page"}],"author":[{"embeddable":true,"href":"https:\/\/shunzhimachinery.com\/es\/wp-json\/wp\/v2\/users\/1"}],"replies":[{"embeddable":true,"href":"https:\/\/shunzhimachinery.com\/es\/wp-json\/wp\/v2\/comments?post=170"}],"version-history":[{"count":11,"href":"https:\/\/shunzhimachinery.com\/es\/wp-json\/wp\/v2\/pages\/170\/revisions"}],"predecessor-version":[{"id":3374,"href":"https:\/\/shunzhimachinery.com\/es\/wp-json\/wp\/v2\/pages\/170\/revisions\/3374"}],"wp:attachment":[{"href":"https:\/\/shunzhimachinery.com\/es\/wp-json\/wp\/v2\/media?parent=170"}],"curies":[{"name":"wp","href":"https:\/\/api.w.org\/{rel}","templated":true}]}}